{"id":6011,"date":"2025-10-06T12:41:47","date_gmt":"2025-10-06T10:41:47","guid":{"rendered":"https:\/\/shop.nomadstrails.com\/website_4f375b80\/?post_type=product&#038;p=6011"},"modified":"2025-12-02T22:13:08","modified_gmt":"2025-12-02T20:13:08","slug":"savotta-jaakari-xl-backpack","status":"publish","type":"product","link":"https:\/\/shop.nomadstrails.com\/website_4f375b80\/product\/savotta-jaakari-xl-backpack\/","title":{"rendered":"SAVOTTA J\u00c4\u00c4K\u00c4RI XL BACKPACK"},"content":{"rendered":"<p><span style=\"font-weight: 400;\">Peyman\u2019s real life experience: 4 years for long and short autumn and summer hikes in Lapland.<\/span><\/p>\n<p><span style=\"font-weight: 400;\">Pros: <\/span><\/p>\n<ul>\n<li><span style=\"font-weight: 400;\">Incredibly durable, made to last<\/span><\/li>\n<li><span style=\"font-weight: 400;\">Versatile<\/span><\/li>\n<li><span style=\"font-weight: 400;\">Perfect for long hikes and very comfortable to carry heavy load. <\/span><\/li>\n<li><span style=\"font-weight: 400;\">Possibility to add lots of external pockets<\/span><\/li>\n<li><span style=\"font-weight: 400;\">Possibility to strap nearly anything to the backpack<\/span><\/li>\n<li><span style=\"font-weight: 400;\">You buy the backpack for yourself and the next generation can still use it<\/span><\/li>\n<li><span style=\"font-size: 1rem;\">Made in Finland, Estonia, EU<\/span><\/li>\n<li><span style=\"font-size: 1rem;\">Comes with a 5 years warranty<\/span><\/li>\n<\/ul>\n<p><span style=\"font-weight: 400;\">Cons: <\/span><\/p>\n<ul>\n<li><span style=\"font-weight: 400;\">I miss the expandable top tube frame of Savotta\u2019s older and legendary backpacks<\/span><\/li>\n<li><span style=\"font-weight: 400;\">Not for those who like ultra lightweight gears<\/span><\/li>\n<\/ul>\n","protected":false},"excerpt":{"rendered":"<p><span class=\"a-list-item a-size-base a-color-base\">SAVOTTA<\/span><\/p>\n<p><span class=\"a-list-item a-size-base a-color-base\">Volume: 80 litres<\/span><\/p>\n<p><span class=\"a-list-item a-size-base a-color-base\">Dimensions: (H x W x D): approx. 79 x 38 x 23 cm<\/span><\/p>\n<p>Link we provide is affiliated link.<\/p>\n","protected":false},"featured_media":6018,"comment_status":"open","ping_status":"closed","template":"","meta":{"nf_dc_page":""},"product_brand":[71],"product_cat":[61,64,67,62],"product_tag":[],"class_list":{"0":"post-6011","1":"product","2":"type-product","3":"status-publish","4":"has-post-thumbnail","6":"product_brand-savotta","7":"product_cat-hiking","8":"product_cat-packrafting-fishing","9":"product_cat-bushcraft","10":"product_cat-backpacks","12":"first","13":"instock","14":"shipping-taxable","15":"product-type-external"},"jetpack_sharing_enabled":true,"_links":{"self":[{"href":"https:\/\/shop.nomadstrails.com\/website_4f375b80\/wp-json\/wp\/v2\/product\/6011","targetHints":{"allow":["GET"]}}],"collection":[{"href":"https:\/\/shop.nomadstrails.com\/website_4f375b80\/wp-json\/wp\/v2\/product"}],"about":[{"href":"https:\/\/shop.nomadstrails.com\/website_4f375b80\/wp-json\/wp\/v2\/types\/product"}],"replies":[{"embeddable":true,"href":"https:\/\/shop.nomadstrails.com\/website_4f375b80\/wp-json\/wp\/v2\/comments?post=6011"}],"wp:featuredmedia":[{"embeddable":true,"href":"https:\/\/shop.nomadstrails.com\/website_4f375b80\/wp-json\/wp\/v2\/media\/6018"}],"wp:attachment":[{"href":"https:\/\/shop.nomadstrails.com\/website_4f375b80\/wp-json\/wp\/v2\/media?parent=6011"}],"wp:term":[{"taxonomy":"product_brand","embeddable":true,"href":"https:\/\/shop.nomadstrails.com\/website_4f375b80\/wp-json\/wp\/v2\/product_brand?post=6011"},{"taxonomy":"product_cat","embeddable":true,"href":"https:\/\/shop.nomadstrails.com\/website_4f375b80\/wp-json\/wp\/v2\/product_cat?post=6011"},{"taxonomy":"product_tag","embeddable":true,"href":"https:\/\/shop.nomadstrails.com\/website_4f375b80\/wp-json\/wp\/v2\/product_tag?post=6011"}],"curies":[{"name":"wp","href":"https:\/\/api.w.org\/{rel}","templated":true}]}}